{"id":240,"date":"2012-09-03T14:23:46","date_gmt":"2012-09-03T12:23:46","guid":{"rendered":"https:\/\/cote-sun.com\/?page_id=240"},"modified":"2021-04-01T18:11:15","modified_gmt":"2021-04-01T16:11:15","slug":"nos-missions","status":"publish","type":"page","link":"https:\/\/cote-sun.com\/fr\/nos-missions\/","title":{"rendered":"Nos missions"},"content":{"rendered":"<p>Notre agence est sp\u00e9cialis\u00e9e en Immobilier de Luxe sur la C\u00f4te d\u2019Azur, de Menton jusqu\u2019\u00e0 Saint Jean Cap Ferrat et principalement sur Roquebrune Cap Martin et les communes limitrophes de Monaco telles que Cap d\u2019Ail, Eze, Beausoleil et la Turbie.<\/p>\n<p>Enti\u00e8rement orient\u00e9e \u00a0\u00e0 la satisfaction de notre client\u00e8le, notre agence \u00a0de Roquebrune\u00a0Cap Martin est d\u00e9di\u00e9e \u00e0 vous trouver la villa ou l\u2019appartement id\u00e9al selon vos crit\u00e8res personnels.<\/p>\n<p>Notre \u00e9quipe multilingue est \u00e0 votre disposition pour vous offrir un choix de service de qualit\u00e9: recherche et n\u00e9gociation, gestion d\u2019acquisition et service apr\u00e8s-vente pour une client\u00e8le internationale.<\/p>\n<p>Du fait de nos 30 ans d\u2019exp\u00e9rience, nous avons acquis la confiance d\u2019une importante et fid\u00e8le client\u00e8le d\u2019acqu\u00e9reurs et de vendeurs de biens d\u2019exceptions gr\u00e2ce \u00e0 notre connaissance profonde et exp\u00e9riment\u00e9e du march\u00e9.<\/p>\n<p>Vous pouvez contacter notre agence Roquebrune Cap Martin au 06 15 38 76 65<\/p>\n<p>ou\u00a0 par mail \u00a0<a href=\"mailto:cote-sun@orange.fr\">cote-sun@orange.fr<\/a><\/p>\n<p>&nbsp;<\/p>\n<p><span style=\"text-decoration: underline;\">Notre \u00e9quipe :<\/span><\/p>\n<p>CUEVAS Bruno , Propri\u00e9taire et Fondateur,\u00a006 15 38 76 65<\/p>\n","protected":false},"excerpt":{"rendered":"<p>Notre agence est sp\u00e9cialis\u00e9e en Immobilier de Luxe sur la C\u00f4te d\u2019Azur, de Menton jusqu\u2019\u00e0 Saint Jean Cap Ferrat et principalement sur Roquebrune Cap Martin et les communes limitrophes de Monaco telles que Cap d\u2019Ail, Eze, Beausoleil et la Turbie. Enti\u00e8rement orient\u00e9e \u00a0\u00e0 la satisfaction de notre client\u00e8le, notre agence \u00a0de Roquebrune\u00a0Cap Martin est d\u00e9di\u00e9e [&hellip;]<\/p>\n","protected":false},"author":1,"featured_media":0,"parent":0,"menu_order":0,"comment_status":"closed","ping_status":"closed","template":"","meta":{"_acf_changed":false,"_seopress_robots_primary_cat":"","_seopress_titles_title":"Les missions de l'Agence Immobili\u00e8re C\u00f4t\u00e9-Sun","_seopress_titles_desc":"C\u00f4t\u00e9 Sun Immobilier dispose d'une \u00e9quipe de professionnels enti\u00e8rement d\u00e9di\u00e9e \u00e0 la recherche de votre villa ou de votre appartement de prestige sur la C\u00f4te d'Azur.","_seopress_robots_index":"","footnotes":""},"class_list":["post-240","page","type-page","status-publish","hentry"],"acf":[],"_links":{"self":[{"href":"https:\/\/cote-sun.com\/fr\/wp-json\/wp\/v2\/pages\/240","targetHints":{"allow":["GET"]}}],"collection":[{"href":"https:\/\/cote-sun.com\/fr\/wp-json\/wp\/v2\/pages"}],"about":[{"href":"https:\/\/cote-sun.com\/fr\/wp-json\/wp\/v2\/types\/page"}],"author":[{"embeddable":true,"href":"https:\/\/cote-sun.com\/fr\/wp-json\/wp\/v2\/users\/1"}],"replies":[{"embeddable":true,"href":"https:\/\/cote-sun.com\/fr\/wp-json\/wp\/v2\/comments?post=240"}],"version-history":[{"count":4,"href":"https:\/\/cote-sun.com\/fr\/wp-json\/wp\/v2\/pages\/240\/revisions"}],"predecessor-version":[{"id":42356,"href":"https:\/\/cote-sun.com\/fr\/wp-json\/wp\/v2\/pages\/240\/revisions\/42356"}],"wp:attachment":[{"href":"https:\/\/cote-sun.com\/fr\/wp-json\/wp\/v2\/media?parent=240"}],"curies":[{"name":"wp","href":"https:\/\/api.w.org\/{rel}","templated":true}]}}